{"id":66,"date":"2022-09-06T10:24:07","date_gmt":"2022-09-06T10:24:07","guid":{"rendered":"http:\/\/source.wpopal.com\/aro\/?page_id=66"},"modified":"2024-09-17T20:49:44","modified_gmt":"2024-09-17T18:49:44","slug":"about-us-02","status":"publish","type":"page","link":"https:\/\/mesgrainsdefolies.fr\/index.php\/about-us-02\/","title":{"rendered":"A propos de moi"},"content":{"rendered":"\t\t<div data-elementor-type=\"wp-page\" data-elementor-id=\"66\" class=\"elementor elementor-66\">\n\t\t\t\t\t\t<div class=\"elementor-section elementor-top-section elementor-element elementor-element-f9b0203 elementor-section-full_width elementor-section-stretched elementor-section-height-default elementor-section-height-default\" data-id=\"f9b0203\" data-element_type=\"section\" data-settings=\"{&quot;stretch_section&quot;:&quot;section-stretched&quot;}\">\n\t\t\t\t\t\t<div class=\"elementor-container elementor-column-gap-no\">\n\t\t\t\t\t<div class=\"elementor-column elementor-col-100 elementor-top-column elementor-element elementor-element-4aa4452\" data-id=\"4aa4452\" data-element_type=\"column\">\n\t\t\t<div class=\"elementor-widget-wrap\">\n\t\t\t\t\t\t\t<\/div>\n\t\t<\/div>\n\t\t\t\t\t<\/div>\n\t\t<\/div>\n\t\t\t\t<div class=\"elementor-section elementor-top-section elementor-element elementor-element-2ee5085 elementor-section-stretched elementor-section-boxed elementor-section-height-default elementor-section-height-default\" data-id=\"2ee5085\" data-element_type=\"section\" data-settings=\"{&quot;stretch_section&quot;:&quot;section-stretched&quot;}\">\n\t\t\t\t\t\t<div class=\"elementor-container elementor-column-gap-no\">\n\t\t\t\t\t<div class=\"elementor-column elementor-col-50 elementor-top-column elementor-element elementor-element-77287cc\" data-id=\"77287cc\" data-element_type=\"column\">\n\t\t\t<div class=\"elementor-widget-wrap elementor-element-populated\">\n\t\t\t\t\t\t<div class=\"elementor-element elementor-element-05b7550 elementor-widget elementor-widget-text-editor\" data-id=\"05b7550\" data-element_type=\"widget\" data-widget_type=\"text-editor.default\">\n\t\t\t\t<div class=\"elementor-widget-container\">\n\t\t\t\t\t\t\t<p>QUI SUIS-JE ?<\/p>\t\t\t\t\t\t<\/div>\n\t\t\t\t<\/div>\n\t\t\t\t<div class=\"elementor-element elementor-element-8680ebe elementor-widget elementor-widget-heading\" data-id=\"8680ebe\" data-element_type=\"widget\" data-widget_type=\"heading.default\">\n\t\t\t\t<div class=\"elementor-widget-container\">\n\t\t\t<h2 class=\"elementor-heading-title elementor-size-default\">Mon histoire, Ma passion<\/h2>\t\t<\/div>\n\t\t\t\t<\/div>\n\t\t\t\t<div class=\"elementor-element elementor-element-d10322a elementor-widget__width-initial elementor-widget elementor-widget-text-editor\" data-id=\"d10322a\" data-element_type=\"widget\" data-widget_type=\"text-editor.default\">\n\t\t\t\t<div class=\"elementor-widget-container\">\n\t\t\t\t\t\t\t<div id=\"TheTexte\" class=\"Texte\" lang=\"zxx\"><p>Cr\u00e9atrice de bijoux en \u00e9mail sur cuivre et d&rsquo;\u00e9l\u00e9ments de d\u00e9coration, je m&rsquo;appelle Sophie Bertonneau. <br \/>J&rsquo;ai d\u00e9couvert cet art au cours de mon adolescence. Ce n&rsquo;\u00e9tait alors qu&rsquo;un loisir. L&rsquo;envie et le besoin de cr\u00e9er \u00e9tant de plus en plus forts, j&rsquo;ai commenc\u00e9 \u00e0 m&rsquo;int\u00e9resser \u00e0 l&rsquo;\u00e9mail plus s\u00e9rieusement et ce, depuis quelques ann\u00e9es.<\/p><p>Emailleuse autodidacte, je r\u00e9alise principalement des bijoux mais \u00e9galement des compositions plaques et objets d\u00e9coratifs en \u00e9maux sur m\u00e9taux (cuivre, fer, laiton). Je cr\u00e9e des pi\u00e8ces uniques et r\u00e9ponds \u00e0 des commandes sur mesure.<br \/>J&rsquo;utilise l&rsquo;\u00e9mail sous forme de poudres, grains, perles et fils de diff\u00e9rentes teintes.<\/p><p>Parent proche du cristal, l&rsquo;\u00e9mail est une substance organique compos\u00e9e de quartz, silice et potasse auxquels on ajoute des oxydes de m\u00e9tal pour obtenir une gamme de couleurs.<\/p><p>Si vous aimez les couleurs et les jeux de lumi\u00e8re alors vous aimerez les \u00e9maux.<\/p><\/div>\t\t\t\t\t\t<\/div>\n\t\t\t\t<\/div>\n\t\t\t\t\t<\/div>\n\t\t<\/div>\n\t\t\t\t<div class=\"elementor-column elementor-col-50 elementor-top-column elementor-element elementor-element-e5acee1\" data-id=\"e5acee1\" data-element_type=\"column\">\n\t\t\t<div class=\"elementor-widget-wrap\">\n\t\t\t\t\t\t\t<\/div>\n\t\t<\/div>\n\t\t\t\t\t<\/div>\n\t\t<\/div>\n\t\t\t\t<\/div>\n\t\t","protected":false},"excerpt":{"rendered":"<p>Sophie Bertonneau Si vous aimez les couleurs et les jeux de lumi\u00e8re alors vous aimerez les \u00e9maux. QUI SUIS-JE ? Mon histoire, Ma passion Cr\u00e9atrice de bijoux en \u00e9mail sur cuivre et d&rsquo;\u00e9l\u00e9ments de d\u00e9coration, je m&rsquo;appelle Sophie Bertonneau. J&rsquo;ai d\u00e9couvert cet art au cours de mon adolescence. Ce n&rsquo;\u00e9tait alors qu&rsquo;un loisir. L&rsquo;envie et [&hellip;]<\/p>\n","protected":false},"author":1,"featured_media":0,"parent":0,"menu_order":0,"comment_status":"closed","ping_status":"closed","template":"","meta":{"inline_featured_image":false,"footnotes":""},"class_list":["post-66","page","type-page","status-publish","hentry"],"_links":{"self":[{"href":"https:\/\/mesgrainsdefolies.fr\/index.php\/wp-json\/wp\/v2\/pages\/66","targetHints":{"allow":["GET"]}}],"collection":[{"href":"https:\/\/mesgrainsdefolies.fr\/index.php\/wp-json\/wp\/v2\/pages"}],"about":[{"href":"https:\/\/mesgrainsdefolies.fr\/index.php\/wp-json\/wp\/v2\/types\/page"}],"author":[{"embeddable":true,"href":"https:\/\/mesgrainsdefolies.fr\/index.php\/wp-json\/wp\/v2\/users\/1"}],"replies":[{"embeddable":true,"href":"https:\/\/mesgrainsdefolies.fr\/index.php\/wp-json\/wp\/v2\/comments?post=66"}],"version-history":[{"count":14,"href":"https:\/\/mesgrainsdefolies.fr\/index.php\/wp-json\/wp\/v2\/pages\/66\/revisions"}],"predecessor-version":[{"id":5477,"href":"https:\/\/mesgrainsdefolies.fr\/index.php\/wp-json\/wp\/v2\/pages\/66\/revisions\/5477"}],"wp:attachment":[{"href":"https:\/\/mesgrainsdefolies.fr\/index.php\/wp-json\/wp\/v2\/media?parent=66"}],"curies":[{"name":"wp","href":"https:\/\/api.w.org\/{rel}","templated":true}]}}